{"id":369,"date":"2025-11-13T17:57:10","date_gmt":"2025-11-13T16:57:10","guid":{"rendered":"https:\/\/kdysconsulting.com\/?page_id=369"},"modified":"2025-11-13T17:57:10","modified_gmt":"2025-11-13T16:57:10","slug":"ils-nous-ont-fait-confiance","status":"publish","type":"page","link":"https:\/\/kdysconsulting.com\/index.php\/ils-nous-ont-fait-confiance\/","title":{"rendered":"Ils nous ont fait confiance"},"content":{"rendered":"\n<ul class=\"wp-block-list\">\n<li>Minist\u00e8re des Eaux et For\u00eats<\/li>\n<\/ul>\n\n\n\n<figure class=\"wp-block-image size-large is-resized\"><img loading=\"lazy\" decoding=\"async\" width=\"871\" height=\"1024\" src=\"https:\/\/kdysconsulting.com\/wp-content\/uploads\/2025\/11\/logo-minef-871x1024.png\" alt=\"\" class=\"wp-image-374\" style=\"width:100px;height:auto\" srcset=\"https:\/\/kdysconsulting.com\/wp-content\/uploads\/2025\/11\/logo-minef-871x1024.png 871w, https:\/\/kdysconsulting.com\/wp-content\/uploads\/2025\/11\/logo-minef-255x300.png 255w, https:\/\/kdysconsulting.com\/wp-content\/uploads\/2025\/11\/logo-minef-768x902.png 768w, https:\/\/kdysconsulting.com\/wp-content\/uploads\/2025\/11\/logo-minef-600x705.png 600w, https:\/\/kdysconsulting.com\/wp-content\/uploads\/2025\/11\/logo-minef.png 1000w\" sizes=\"auto, (max-width: 871px) 100vw, 871px\" \/><\/figure>\n\n\n\n<ul class=\"wp-block-list\">\n<li>Minist\u00e8re des Mines, du P\u00e9trole et de l\u2019\u00c9nergie<\/li>\n<\/ul>\n\n\n\n<figure class=\"wp-block-image size-full is-resized\"><img loading=\"lazy\" decoding=\"async\" width=\"699\" height=\"709\" src=\"https:\/\/kdysconsulting.com\/wp-content\/uploads\/2025\/11\/Image1.png\" alt=\"\" class=\"wp-image-370\" style=\"width:134px;height:auto\" srcset=\"https:\/\/kdysconsulting.com\/wp-content\/uploads\/2025\/11\/Image1.png 699w, https:\/\/kdysconsulting.com\/wp-content\/uploads\/2025\/11\/Image1-296x300.png 296w, https:\/\/kdysconsulting.com\/wp-content\/uploads\/2025\/11\/Image1-600x609.png 600w\" sizes=\"auto, (max-width: 699px) 100vw, 699px\" \/><\/figure>\n\n\n\n<ul class=\"wp-block-list\">\n<li>Agence Emploi Jeunes<\/li>\n<\/ul>\n\n\n\n<figure class=\"wp-block-image size-full is-resized\"><img loading=\"lazy\" decoding=\"async\" width=\"153\" height=\"153\" src=\"https:\/\/kdysconsulting.com\/wp-content\/uploads\/2025\/11\/Image4.png\" alt=\"\" class=\"wp-image-373\" style=\"width:92px;height:auto\" srcset=\"https:\/\/kdysconsulting.com\/wp-content\/uploads\/2025\/11\/Image4.png 153w, https:\/\/kdysconsulting.com\/wp-content\/uploads\/2025\/11\/Image4-150x150.png 150w\" sizes=\"auto, (max-width: 153px) 100vw, 153px\" \/><\/figure>\n\n\n\n<ul class=\"wp-block-list\">\n<li>RTI<\/li>\n<\/ul>\n\n\n\n<figure class=\"wp-block-image size-full is-resized\"><img loading=\"lazy\" decoding=\"async\" width=\"111\" height=\"119\" src=\"https:\/\/kdysconsulting.com\/wp-content\/uploads\/2025\/11\/Image2.png\" alt=\"\" class=\"wp-image-371\" style=\"width:121px;height:auto\"\/><\/figure>\n\n\n\n<ul class=\"wp-block-list\">\n<li>Bogolan<\/li>\n<\/ul>\n\n\n\n<figure class=\"wp-block-image size-full is-resized\"><img loading=\"lazy\" decoding=\"async\" width=\"154\" height=\"155\" src=\"https:\/\/kdysconsulting.com\/wp-content\/uploads\/2025\/11\/Image3.jpg\" alt=\"\" class=\"wp-image-372\" style=\"width:107px;height:auto\" srcset=\"https:\/\/kdysconsulting.com\/wp-content\/uploads\/2025\/11\/Image3.jpg 154w, https:\/\/kdysconsulting.com\/wp-content\/uploads\/2025\/11\/Image3-150x150.jpg 150w\" sizes=\"auto, (max-width: 154px) 100vw, 154px\" \/><\/figure>\n\n\n\n<ul class=\"wp-block-list\">\n<li>ETIF<\/li>\n<\/ul>\n\n\n\n<figure class=\"wp-block-image size-full is-resized\"><img loading=\"lazy\" decoding=\"async\" width=\"219\" height=\"70\" src=\"https:\/\/kdysconsulting.com\/wp-content\/uploads\/2025\/11\/Image5.png\" alt=\"\" class=\"wp-image-375\" style=\"width:232px;height:auto\"\/><\/figure>\n\n\n\n<ul class=\"wp-block-list\">\n<li>Maisons Sigafing<\/li>\n<\/ul>\n\n\n\n<ul class=\"wp-block-list\">\n<li>L&#8217;association Jeunesse Fi\u00e8re et Solidaire de l&#8217;Essonne (France) venue dans le cadre d\u2019un voyage humanitaire<\/li>\n<\/ul>\n\n\n\n<ul class=\"wp-block-list\">\n<li>Iroko\u2026<\/li>\n<\/ul>\n\n\n\n<p class=\"has-text-align-right\"><\/p>\n\n\n<div class=\"wp-block-image\">\n<figure class=\"aligncenter size-large is-resized\"><img loading=\"lazy\" decoding=\"async\" width=\"1024\" height=\"1024\" src=\"http:\/\/kdysconsulting.com\/wp-content\/uploads\/2024\/02\/Work-1024x1024.png\" alt=\"\" class=\"wp-image-221\" style=\"width:187px\" srcset=\"https:\/\/kdysconsulting.com\/wp-content\/uploads\/2024\/02\/Work-1024x1024.png 1024w, https:\/\/kdysconsulting.com\/wp-content\/uploads\/2024\/02\/Work-300x300.png 300w, https:\/\/kdysconsulting.com\/wp-content\/uploads\/2024\/02\/Work-150x150.png 150w, https:\/\/kdysconsulting.com\/wp-content\/uploads\/2024\/02\/Work-768x768.png 768w, https:\/\/kdysconsulting.com\/wp-content\/uploads\/2024\/02\/Work-1536x1536.png 1536w, https:\/\/kdysconsulting.com\/wp-content\/uploads\/2024\/02\/Work-600x600.png 600w, https:\/\/kdysconsulting.com\/wp-content\/uploads\/2024\/02\/Work.png 1600w\" sizes=\"auto, (max-width: 1024px) 100vw, 1024px\" \/><\/figure>\n<\/div>\n\n\n<div class=\"wp-block-group alignfull has-contrast-color has-text-color is-vertical is-content-justification-center is-layout-flex wp-container-core-group-is-layout-f1198d31 wp-block-group-is-layout-flex\" style=\"min-height:40vh;margin-top:0;margin-bottom:0;padding-top:var(--wp--preset--spacing--60);padding-right:var(--wp--preset--spacing--50);padding-bottom:var(--wp--preset--spacing--60);padding-left:var(--wp--preset--spacing--50)\"><div style=\"margin-bottom:6px;\" class=\"is-default-size aligncenter wp-block-site-logo\"><a href=\"https:\/\/kdysconsulting.com\/\" class=\"custom-logo-link\" rel=\"home\"><img loading=\"lazy\" decoding=\"async\" width=\"500\" height=\"63\" src=\"https:\/\/kdysconsulting.com\/wp-content\/uploads\/2023\/12\/cropped-logo_small.png\" class=\"custom-logo\" alt=\"KDYS Consulting\" srcset=\"https:\/\/kdysconsulting.com\/wp-content\/uploads\/2023\/12\/cropped-logo_small.png 500w, https:\/\/kdysconsulting.com\/wp-content\/uploads\/2023\/12\/cropped-logo_small-300x38.png 300w\" sizes=\"auto, (max-width: 500px) 100vw, 500px\" \/><\/a><\/div>\n\n\n<p class=\"has-text-align-center has-small-font-size\"><strong>KDYS CONSULTING SARL<\/strong><\/p>\n\n\n\n<p class=\"has-text-align-center has-small-font-size\">Capital de 1000 000 FCFA &#8211; Abidjan Cocody II Plateaux Sococ\u00e9 &#8211; RCCM: CI-ABJ_03-2023-B12-00529<\/p>\n\n\n\n<p class=\"has-text-align-center has-small-font-size\"><a href=\"https:\/\/kdysconsulting.com\/index.php\/politique-de-confidentialite\/\" title=\"\">Politique de confidentialit\u00e9<\/a> &#8211; <a href=\"https:\/\/kdysconsulting.com\/index.php\/politique-de-cookies-ue\/\" title=\"Politique de cookies (UE)\">Politique de cookies (UE)<\/a> &#8211; <a href=\"https:\/\/kdysconsulting.com\/index.php\/cgv\/\" title=\"CGV\">CGV<\/a> &#8211;  <a href=\"https:\/\/kdysconsulting.com\/index.php\/mentions-legales\/\" title=\"Mentions l\u00e9gales\">Mentions l\u00e9gales<\/a><\/p>\n\n\n\n<ul class=\"wp-block-social-links has-normal-icon-size is-style-logos-only is-nowrap is-layout-flex wp-container-core-social-links-is-layout-53bee8aa wp-block-social-links-is-layout-flex\"><li class=\"wp-social-link wp-social-link-facebook  wp-block-social-link\"><a href=\"https:\/\/www.facebook.com\/profile.php?id=61556199870920&#038;mibextid=ZbWKwL%20\" class=\"wp-block-social-link-anchor\"><svg width=\"24\" height=\"24\" viewBox=\"0 0 24 24\" version=\"1.1\" xmlns=\"http:\/\/www.w3.org\/2000\/svg\" aria-hidden=\"true\" focusable=\"false\"><path d=\"M12 2C6.5 2 2 6.5 2 12c0 5 3.7 9.1 8.4 9.9v-7H7.9V12h2.5V9.8c0-2.5 1.5-3.9 3.8-3.9 1.1 0 2.2.2 2.2.2v2.5h-1.3c-1.2 0-1.6.8-1.6 1.6V12h2.8l-.4 2.9h-2.3v7C18.3 21.1 22 17 22 12c0-5.5-4.5-10-10-10z\"><\/path><\/svg><span class=\"wp-block-social-link-label screen-reader-text\">Facebook<\/span><\/a><\/li>\n\n<li class=\"wp-social-link wp-social-link-instagram  wp-block-social-link\"><a href=\"https:\/\/www.instagram.com\/kdysconsulting\/\" class=\"wp-block-social-link-anchor\"><svg width=\"24\" height=\"24\" viewBox=\"0 0 24 24\" version=\"1.1\" xmlns=\"http:\/\/www.w3.org\/2000\/svg\" aria-hidden=\"true\" focusable=\"false\"><path d=\"M12,4.622c2.403,0,2.688,0.009,3.637,0.052c0.877,0.04,1.354,0.187,1.671,0.31c0.42,0.163,0.72,0.358,1.035,0.673 c0.315,0.315,0.51,0.615,0.673,1.035c0.123,0.317,0.27,0.794,0.31,1.671c0.043,0.949,0.052,1.234,0.052,3.637 s-0.009,2.688-0.052,3.637c-0.04,0.877-0.187,1.354-0.31,1.671c-0.163,0.42-0.358,0.72-0.673,1.035 c-0.315,0.315-0.615,0.51-1.035,0.673c-0.317,0.123-0.794,0.27-1.671,0.31c-0.949,0.043-1.233,0.052-3.637,0.052 s-2.688-0.009-3.637-0.052c-0.877-0.04-1.354-0.187-1.671-0.31c-0.42-0.163-0.72-0.358-1.035-0.673 c-0.315-0.315-0.51-0.615-0.673-1.035c-0.123-0.317-0.27-0.794-0.31-1.671C4.631,14.688,4.622,14.403,4.622,12 s0.009-2.688,0.052-3.637c0.04-0.877,0.187-1.354,0.31-1.671c0.163-0.42,0.358-0.72,0.673-1.035 c0.315-0.315,0.615-0.51,1.035-0.673c0.317-0.123,0.794-0.27,1.671-0.31C9.312,4.631,9.597,4.622,12,4.622 M12,3 C9.556,3,9.249,3.01,8.289,3.054C7.331,3.098,6.677,3.25,6.105,3.472C5.513,3.702,5.011,4.01,4.511,4.511 c-0.5,0.5-0.808,1.002-1.038,1.594C3.25,6.677,3.098,7.331,3.054,8.289C3.01,9.249,3,9.556,3,12c0,2.444,0.01,2.751,0.054,3.711 c0.044,0.958,0.196,1.612,0.418,2.185c0.23,0.592,0.538,1.094,1.038,1.594c0.5,0.5,1.002,0.808,1.594,1.038 c0.572,0.222,1.227,0.375,2.185,0.418C9.249,20.99,9.556,21,12,21s2.751-0.01,3.711-0.054c0.958-0.044,1.612-0.196,2.185-0.418 c0.592-0.23,1.094-0.538,1.594-1.038c0.5-0.5,0.808-1.002,1.038-1.594c0.222-0.572,0.375-1.227,0.418-2.185 C20.99,14.751,21,14.444,21,12s-0.01-2.751-0.054-3.711c-0.044-0.958-0.196-1.612-0.418-2.185c-0.23-0.592-0.538-1.094-1.038-1.594 c-0.5-0.5-1.002-0.808-1.594-1.038c-0.572-0.222-1.227-0.375-2.185-0.418C14.751,3.01,14.444,3,12,3L12,3z M12,7.378 c-2.552,0-4.622,2.069-4.622,4.622S9.448,16.622,12,16.622s4.622-2.069,4.622-4.622S14.552,7.378,12,7.378z M12,15 c-1.657,0-3-1.343-3-3s1.343-3,3-3s3,1.343,3,3S13.657,15,12,15z M16.804,6.116c-0.596,0-1.08,0.484-1.08,1.08 s0.484,1.08,1.08,1.08c0.596,0,1.08-0.484,1.08-1.08S17.401,6.116,16.804,6.116z\"><\/path><\/svg><span class=\"wp-block-social-link-label screen-reader-text\">Instagram<\/span><\/a><\/li>\n\n<li class=\"wp-social-link wp-social-link-mail  wp-block-social-link\"><a href=\"mailto:&#099;ont&#097;&#099;t&#064;k&#100;yscon&#115;&#117;&#108;&#116;&#105;&#110;g.&#099;o&#109;\" class=\"wp-block-social-link-anchor\"><svg width=\"24\" height=\"24\" viewBox=\"0 0 24 24\" version=\"1.1\" xmlns=\"http:\/\/www.w3.org\/2000\/svg\" aria-hidden=\"true\" focusable=\"false\"><path d=\"M19,5H5c-1.1,0-2,.9-2,2v10c0,1.1.9,2,2,2h14c1.1,0,2-.9,2-2V7c0-1.1-.9-2-2-2zm.5,12c0,.3-.2.5-.5.5H5c-.3,0-.5-.2-.5-.5V9.8l7.5,5.6,7.5-5.6V17zm0-9.1L12,13.6,4.5,7.9V7c0-.3.2-.5.5-.5h14c.3,0,.5.2.5.5v.9z\"><\/path><\/svg><span class=\"wp-block-social-link-label screen-reader-text\">Mail<\/span><\/a><\/li><\/ul>\n<\/div>\n","protected":false},"excerpt":{"rendered":"<p>KDYS CONSULTING SARL Capital de 1000 000 FCFA &#8211; Abidjan Cocody II Plateaux Sococ\u00e9 &#8211; RCCM: CI-ABJ_03-2023-B12-00529 Politique de confidentialit\u00e9 &#8211; Politique de cookies (UE) &#8211; CGV &#8211; Mentions l\u00e9gales<\/p>\n","protected":false},"author":1,"featured_media":0,"parent":0,"menu_order":0,"comment_status":"closed","ping_status":"closed","template":"","meta":{"footnotes":""},"class_list":["post-369","page","type-page","status-publish","hentry"],"aioseo_notices":[],"_links":{"self":[{"href":"https:\/\/kdysconsulting.com\/index.php\/wp-json\/wp\/v2\/pages\/369","targetHints":{"allow":["GET"]}}],"collection":[{"href":"https:\/\/kdysconsulting.com\/index.php\/wp-json\/wp\/v2\/pages"}],"about":[{"href":"https:\/\/kdysconsulting.com\/index.php\/wp-json\/wp\/v2\/types\/page"}],"author":[{"embeddable":true,"href":"https:\/\/kdysconsulting.com\/index.php\/wp-json\/wp\/v2\/users\/1"}],"replies":[{"embeddable":true,"href":"https:\/\/kdysconsulting.com\/index.php\/wp-json\/wp\/v2\/comments?post=369"}],"version-history":[{"count":1,"href":"https:\/\/kdysconsulting.com\/index.php\/wp-json\/wp\/v2\/pages\/369\/revisions"}],"predecessor-version":[{"id":376,"href":"https:\/\/kdysconsulting.com\/index.php\/wp-json\/wp\/v2\/pages\/369\/revisions\/376"}],"wp:attachment":[{"href":"https:\/\/kdysconsulting.com\/index.php\/wp-json\/wp\/v2\/media?parent=369"}],"curies":[{"name":"wp","href":"https:\/\/api.w.org\/{rel}","templated":true}]}}