{"id":7,"date":"2023-12-17T17:09:39","date_gmt":"2023-12-17T16:09:39","guid":{"rendered":"https:\/\/kdysconsulting.com\/?page_id=7"},"modified":"2025-08-16T13:04:33","modified_gmt":"2025-08-16T11:04:33","slug":"home","status":"publish","type":"page","link":"https:\/\/kdysconsulting.com\/","title":{"rendered":"Nous sommes l\u00e0 pour vous"},"content":{"rendered":"\n<p class=\"has-text-align-center\">V\u00e9ritable structure hybride, KDYS Consulting r\u00e9pond \u00e0 vos besoins en mati\u00e8re d&#8217;offre de formation, de coaching et d&#8217;opportunit\u00e9s (organisation d&#8217;\u00e9v\u00e8nements professionnels&#8230;).<\/p>\n\n\n<div class=\"wp-block-image is-style-rounded\">\n<figure class=\"aligncenter size-large is-resized\"><img loading=\"lazy\" decoding=\"async\" width=\"1024\" height=\"683\" src=\"https:\/\/kdysconsulting.com\/wp-content\/uploads\/2025\/08\/595f5301-e8e9-43ad-911a-6e88d5635ae6-1024x683.png\" alt=\"\" class=\"wp-image-358\" style=\"width:492px;height:auto\" title=\"Source pexels.com (libre de droit)\" srcset=\"https:\/\/kdysconsulting.com\/wp-content\/uploads\/2025\/08\/595f5301-e8e9-43ad-911a-6e88d5635ae6-1024x683.png 1024w, https:\/\/kdysconsulting.com\/wp-content\/uploads\/2025\/08\/595f5301-e8e9-43ad-911a-6e88d5635ae6-300x200.png 300w, https:\/\/kdysconsulting.com\/wp-content\/uploads\/2025\/08\/595f5301-e8e9-43ad-911a-6e88d5635ae6-768x512.png 768w, https:\/\/kdysconsulting.com\/wp-content\/uploads\/2025\/08\/595f5301-e8e9-43ad-911a-6e88d5635ae6-600x400.png 600w, https:\/\/kdysconsulting.com\/wp-content\/uploads\/2025\/08\/595f5301-e8e9-43ad-911a-6e88d5635ae6.png 1536w\" sizes=\"auto, (max-width: 1024px) 100vw, 1024px\" \/><\/figure>\n<\/div>\n\n\n<p><\/p>\n\n\n\n<div class=\"wp-block-columns is-layout-flex wp-container-core-columns-is-layout-9d6595d7 wp-block-columns-is-layout-flex\">\n<div class=\"wp-block-column is-layout-flow wp-block-column-is-layout-flow\"><div class=\"wp-block-image is-resized icon-style is-style-default\">\n<figure class=\"aligncenter\"><img decoding=\"async\" src=\"https:\/\/kdysconsulting.com\/wp-content\/themes\/neve\/assets\/img\/starter-content\/icon-03.svg\" alt=\"\"\/><\/figure>\n<\/div>\n\n\n<h3 class=\"wp-block-heading has-text-align-center has-neve-text-color-color has-text-color\">Une exp\u00e9rience<\/h3>\n\n\n\n<p class=\"has-text-align-center\">De nombreuses ann\u00e9es dans la formation<\/p>\n\n\n\n<div style=\"height:20px\" aria-hidden=\"true\" class=\"wp-block-spacer\"><\/div>\n<\/div>\n\n\n\n<div class=\"wp-block-column is-layout-flow wp-block-column-is-layout-flow\">\n<figure class=\"wp-block-gallery aligncenter has-nested-images columns-default is-cropped wp-block-gallery-1 is-layout-flex wp-block-gallery-is-layout-flex\"><div class=\"wp-block-image is-resized icon-style is-style-default\">\n<figure class=\"aligncenter\"><img decoding=\"async\" src=\"https:\/\/kdysconsulting.com\/wp-content\/themes\/neve\/assets\/img\/starter-content\/icon-02.svg\" alt=\"\"\/><\/figure>\n<\/div><\/figure>\n\n\n\n<h3 class=\"wp-block-heading has-text-align-center has-neve-text-color-color has-text-color\">Une r\u00e9ussite<\/h3>\n\n\n\n<p class=\"has-text-align-center\">La satisfaction de nos clients est notre priorit\u00e9<\/p>\n\n\n\n<div style=\"height:20px\" aria-hidden=\"true\" class=\"wp-block-spacer\"><\/div>\n<\/div>\n\n\n\n<div class=\"wp-block-column is-layout-flow wp-block-column-is-layout-flow\"><div class=\"wp-block-image is-resized icon-style is-style-rounded\">\n<figure class=\"aligncenter\"><img decoding=\"async\" src=\"https:\/\/kdysconsulting.com\/wp-content\/themes\/neve\/assets\/img\/starter-content\/icon-01.svg\" alt=\"\"\/><\/figure>\n<\/div>\n\n\n<h3 class=\"wp-block-heading has-text-align-center has-neve-text-color-color has-text-color\">Une r\u00e9activit\u00e9<\/h3>\n\n\n\n<p class=\"has-text-align-center\">Nous sommes adaptables pour r\u00e9pondre au mieux \u00e0 vos besoins<\/p>\n\n\n\n<div style=\"height:20px\" aria-hidden=\"true\" class=\"wp-block-spacer\"><\/div>\n<\/div>\n<\/div>\n\n\n\n<p><\/p>\n\n\n\n<blockquote class=\"wp-block-quote is-style-plain is-layout-flow wp-block-quote-is-layout-flow\">\n<p><\/p>\n\n\n\n<p class=\"has-text-align-center\">Si vous pensez que la formation co\u00fbte cher, songez au prix de l&#8217;ignorance<\/p>\n<cite>Ray KROC<\/cite><\/blockquote>\n\n\n<div class=\"wp-block-image\">\n<figure class=\"aligncenter size-large is-resized\"><img loading=\"lazy\" decoding=\"async\" width=\"1024\" height=\"1024\" src=\"http:\/\/kdysconsulting.com\/wp-content\/uploads\/2024\/02\/Work-1024x1024.png\" alt=\"\" class=\"wp-image-221\" style=\"width:187px\" srcset=\"https:\/\/kdysconsulting.com\/wp-content\/uploads\/2024\/02\/Work-1024x1024.png 1024w, https:\/\/kdysconsulting.com\/wp-content\/uploads\/2024\/02\/Work-300x300.png 300w, https:\/\/kdysconsulting.com\/wp-content\/uploads\/2024\/02\/Work-150x150.png 150w, https:\/\/kdysconsulting.com\/wp-content\/uploads\/2024\/02\/Work-768x768.png 768w, https:\/\/kdysconsulting.com\/wp-content\/uploads\/2024\/02\/Work-1536x1536.png 1536w, https:\/\/kdysconsulting.com\/wp-content\/uploads\/2024\/02\/Work-600x600.png 600w, https:\/\/kdysconsulting.com\/wp-content\/uploads\/2024\/02\/Work.png 1600w\" sizes=\"auto, (max-width: 1024px) 100vw, 1024px\" \/><\/figure>\n<\/div>\n\n\n<div class=\"wp-block-group alignfull has-contrast-color has-text-color is-vertical is-content-justification-center is-layout-flex wp-container-core-group-is-layout-f1198d31 wp-block-group-is-layout-flex\" style=\"min-height:40vh;margin-top:0;margin-bottom:0;padding-top:var(--wp--preset--spacing--60);padding-right:var(--wp--preset--spacing--50);padding-bottom:var(--wp--preset--spacing--60);padding-left:var(--wp--preset--spacing--50)\"><div style=\"margin-bottom:6px;\" class=\"is-default-size aligncenter wp-block-site-logo\"><a href=\"https:\/\/kdysconsulting.com\/\" class=\"custom-logo-link\" rel=\"home\"><img loading=\"lazy\" decoding=\"async\" width=\"500\" height=\"63\" src=\"https:\/\/kdysconsulting.com\/wp-content\/uploads\/2023\/12\/cropped-logo_small.png\" class=\"custom-logo\" alt=\"KDYS Consulting\" srcset=\"https:\/\/kdysconsulting.com\/wp-content\/uploads\/2023\/12\/cropped-logo_small.png 500w, https:\/\/kdysconsulting.com\/wp-content\/uploads\/2023\/12\/cropped-logo_small-300x38.png 300w\" sizes=\"auto, (max-width: 500px) 100vw, 500px\" \/><\/a><\/div>\n\n\n<p class=\"has-text-align-center has-small-font-size\"><strong>KDYS CONSULTING SARL<\/strong><\/p>\n\n\n\n<p class=\"has-text-align-center has-small-font-size\">Capital de 1000 000 FCFA &#8211; Abidjan Cocody II Plateaux Sococ\u00e9 &#8211; RCCM: CI-ABJ_03-2023-B12-00529<\/p>\n\n\n\n<p class=\"has-text-align-center has-small-font-size\"><a href=\"https:\/\/kdysconsulting.com\/index.php\/politique-de-confidentialite\/\" title=\"\">Politique de confidentialit\u00e9<\/a> &#8211; <a href=\"https:\/\/kdysconsulting.com\/index.php\/politique-de-cookies-ue\/\" title=\"Politique de cookies (UE)\">Politique de cookies (UE)<\/a> &#8211; <a href=\"https:\/\/kdysconsulting.com\/index.php\/cgv\/\" title=\"CGV\">CGV<\/a> &#8211;  <a href=\"https:\/\/kdysconsulting.com\/index.php\/mentions-legales\/\" title=\"Mentions l\u00e9gales\">Mentions l\u00e9gales<\/a><\/p>\n\n\n\n<ul class=\"wp-block-social-links has-normal-icon-size is-style-logos-only is-nowrap is-layout-flex wp-container-core-social-links-is-layout-53bee8aa wp-block-social-links-is-layout-flex\"><li class=\"wp-social-link wp-social-link-facebook  wp-block-social-link\"><a href=\"https:\/\/www.facebook.com\/profile.php?id=61556199870920&#038;mibextid=ZbWKwL%20\" class=\"wp-block-social-link-anchor\"><svg width=\"24\" height=\"24\" viewBox=\"0 0 24 24\" version=\"1.1\" xmlns=\"http:\/\/www.w3.org\/2000\/svg\" aria-hidden=\"true\" focusable=\"false\"><path d=\"M12 2C6.5 2 2 6.5 2 12c0 5 3.7 9.1 8.4 9.9v-7H7.9V12h2.5V9.8c0-2.5 1.5-3.9 3.8-3.9 1.1 0 2.2.2 2.2.2v2.5h-1.3c-1.2 0-1.6.8-1.6 1.6V12h2.8l-.4 2.9h-2.3v7C18.3 21.1 22 17 22 12c0-5.5-4.5-10-10-10z\"><\/path><\/svg><span class=\"wp-block-social-link-label screen-reader-text\">Facebook<\/span><\/a><\/li>\n\n<li class=\"wp-social-link wp-social-link-instagram  wp-block-social-link\"><a href=\"https:\/\/www.instagram.com\/kdysconsulting\/\" class=\"wp-block-social-link-anchor\"><svg width=\"24\" height=\"24\" viewBox=\"0 0 24 24\" version=\"1.1\" xmlns=\"http:\/\/www.w3.org\/2000\/svg\" aria-hidden=\"true\" focusable=\"false\"><path d=\"M12,4.622c2.403,0,2.688,0.009,3.637,0.052c0.877,0.04,1.354,0.187,1.671,0.31c0.42,0.163,0.72,0.358,1.035,0.673 c0.315,0.315,0.51,0.615,0.673,1.035c0.123,0.317,0.27,0.794,0.31,1.671c0.043,0.949,0.052,1.234,0.052,3.637 s-0.009,2.688-0.052,3.637c-0.04,0.877-0.187,1.354-0.31,1.671c-0.163,0.42-0.358,0.72-0.673,1.035 c-0.315,0.315-0.615,0.51-1.035,0.673c-0.317,0.123-0.794,0.27-1.671,0.31c-0.949,0.043-1.233,0.052-3.637,0.052 s-2.688-0.009-3.637-0.052c-0.877-0.04-1.354-0.187-1.671-0.31c-0.42-0.163-0.72-0.358-1.035-0.673 c-0.315-0.315-0.51-0.615-0.673-1.035c-0.123-0.317-0.27-0.794-0.31-1.671C4.631,14.688,4.622,14.403,4.622,12 s0.009-2.688,0.052-3.637c0.04-0.877,0.187-1.354,0.31-1.671c0.163-0.42,0.358-0.72,0.673-1.035 c0.315-0.315,0.615-0.51,1.035-0.673c0.317-0.123,0.794-0.27,1.671-0.31C9.312,4.631,9.597,4.622,12,4.622 M12,3 C9.556,3,9.249,3.01,8.289,3.054C7.331,3.098,6.677,3.25,6.105,3.472C5.513,3.702,5.011,4.01,4.511,4.511 c-0.5,0.5-0.808,1.002-1.038,1.594C3.25,6.677,3.098,7.331,3.054,8.289C3.01,9.249,3,9.556,3,12c0,2.444,0.01,2.751,0.054,3.711 c0.044,0.958,0.196,1.612,0.418,2.185c0.23,0.592,0.538,1.094,1.038,1.594c0.5,0.5,1.002,0.808,1.594,1.038 c0.572,0.222,1.227,0.375,2.185,0.418C9.249,20.99,9.556,21,12,21s2.751-0.01,3.711-0.054c0.958-0.044,1.612-0.196,2.185-0.418 c0.592-0.23,1.094-0.538,1.594-1.038c0.5-0.5,0.808-1.002,1.038-1.594c0.222-0.572,0.375-1.227,0.418-2.185 C20.99,14.751,21,14.444,21,12s-0.01-2.751-0.054-3.711c-0.044-0.958-0.196-1.612-0.418-2.185c-0.23-0.592-0.538-1.094-1.038-1.594 c-0.5-0.5-1.002-0.808-1.594-1.038c-0.572-0.222-1.227-0.375-2.185-0.418C14.751,3.01,14.444,3,12,3L12,3z M12,7.378 c-2.552,0-4.622,2.069-4.622,4.622S9.448,16.622,12,16.622s4.622-2.069,4.622-4.622S14.552,7.378,12,7.378z M12,15 c-1.657,0-3-1.343-3-3s1.343-3,3-3s3,1.343,3,3S13.657,15,12,15z M16.804,6.116c-0.596,0-1.08,0.484-1.08,1.08 s0.484,1.08,1.08,1.08c0.596,0,1.08-0.484,1.08-1.08S17.401,6.116,16.804,6.116z\"><\/path><\/svg><span class=\"wp-block-social-link-label screen-reader-text\">Instagram<\/span><\/a><\/li>\n\n<li class=\"wp-social-link wp-social-link-mail  wp-block-social-link\"><a href=\"mailto:con&#116;ac&#116;&#064;k&#100;y&#115;c&#111;n&#115;u&#108;&#116;i&#110;&#103;&#046;&#099;om\" class=\"wp-block-social-link-anchor\"><svg width=\"24\" height=\"24\" viewBox=\"0 0 24 24\" version=\"1.1\" xmlns=\"http:\/\/www.w3.org\/2000\/svg\" aria-hidden=\"true\" focusable=\"false\"><path d=\"M19,5H5c-1.1,0-2,.9-2,2v10c0,1.1.9,2,2,2h14c1.1,0,2-.9,2-2V7c0-1.1-.9-2-2-2zm.5,12c0,.3-.2.5-.5.5H5c-.3,0-.5-.2-.5-.5V9.8l7.5,5.6,7.5-5.6V17zm0-9.1L12,13.6,4.5,7.9V7c0-.3.2-.5.5-.5h14c.3,0,.5.2.5.5v.9z\"><\/path><\/svg><span class=\"wp-block-social-link-label screen-reader-text\">Mail<\/span><\/a><\/li><\/ul>\n<\/div>\n","protected":false},"excerpt":{"rendered":"<p>V\u00e9ritable structure hybride, KDYS Consulting r\u00e9pond \u00e0 vos besoins en mati\u00e8re d&#8217;offre de formation, de coaching et d&#8217;opportunit\u00e9s (organisation d&#8217;\u00e9v\u00e8nements professionnels&#8230;). Une exp\u00e9rience De nombreuses ann\u00e9es dans la formation Une r\u00e9ussite La satisfaction de nos clients est notre priorit\u00e9 Une r\u00e9activit\u00e9 Nous sommes adaptables pour r\u00e9pondre au mieux \u00e0 vos besoins Si vous pensez que [&hellip;]<\/p>\n","protected":false},"author":1,"featured_media":0,"parent":0,"menu_order":0,"comment_status":"closed","ping_status":"closed","template":"","meta":{"footnotes":""},"class_list":["post-7","page","type-page","status-publish","hentry"],"aioseo_notices":[],"_links":{"self":[{"href":"https:\/\/kdysconsulting.com\/index.php\/wp-json\/wp\/v2\/pages\/7","targetHints":{"allow":["GET"]}}],"collection":[{"href":"https:\/\/kdysconsulting.com\/index.php\/wp-json\/wp\/v2\/pages"}],"about":[{"href":"https:\/\/kdysconsulting.com\/index.php\/wp-json\/wp\/v2\/types\/page"}],"author":[{"embeddable":true,"href":"https:\/\/kdysconsulting.com\/index.php\/wp-json\/wp\/v2\/users\/1"}],"replies":[{"embeddable":true,"href":"https:\/\/kdysconsulting.com\/index.php\/wp-json\/wp\/v2\/comments?post=7"}],"version-history":[{"count":56,"href":"https:\/\/kdysconsulting.com\/index.php\/wp-json\/wp\/v2\/pages\/7\/revisions"}],"predecessor-version":[{"id":359,"href":"https:\/\/kdysconsulting.com\/index.php\/wp-json\/wp\/v2\/pages\/7\/revisions\/359"}],"wp:attachment":[{"href":"https:\/\/kdysconsulting.com\/index.php\/wp-json\/wp\/v2\/media?parent=7"}],"curies":[{"name":"wp","href":"https:\/\/api.w.org\/{rel}","templated":true}]}}